{"id":877,"date":"2024-04-29T07:21:05","date_gmt":"2024-04-29T07:21:05","guid":{"rendered":"https:\/\/keseling.com\/?page_id=877"},"modified":"2025-01-21T15:08:28","modified_gmt":"2025-01-21T14:08:28","slug":"impressum","status":"publish","type":"page","link":"https:\/\/keseling.com\/en\/impressum\/","title":{"rendered":"Impressum"},"content":{"rendered":"<style>.elementor-877 .elementor-element.elementor-element-1c7f2ef{--display:flex;--min-height:61vh;--flex-direction:row;--container-widget-width:calc( ( 1 - var( --container-widget-flex-grow ) ) * 100% );--container-widget-height:100%;--container-widget-flex-grow:1;--container-widget-align-self:stretch;--flex-wrap-mobile:wrap;--align-items:center;--gap:10px 10px;--row-gap:10px;--column-gap:10px;--overlay-opacity:1;--margin-top:0px;--margin-bottom:0px;--margin-left:0px;--margin-right:0px;--padding-top:200px;--padding-bottom:50px;--padding-left:20px;--padding-right:20px;}.elementor-877 .elementor-element.elementor-element-1c7f2ef::before, .elementor-877 .elementor-element.elementor-element-1c7f2ef > .elementor-background-video-container::before, .elementor-877 .elementor-element.elementor-element-1c7f2ef > .e-con-inner > .elementor-background-video-container::before, .elementor-877 .elementor-element.elementor-element-1c7f2ef > .elementor-background-slideshow::before, .elementor-877 .elementor-element.elementor-element-1c7f2ef > .e-con-inner > .elementor-background-slideshow::before, .elementor-877 .elementor-element.elementor-element-1c7f2ef > .elementor-motion-effects-container > .elementor-motion-effects-layer::before{--background-overlay:'';background-color:transparent;background-image:linear-gradient(331deg, #00000000 0%, #000000 92%);}.elementor-877 .elementor-element.elementor-element-b5572b9{--display:flex;--justify-content:center;--padding-top:1em;--padding-bottom:1em;--padding-left:1em;--padding-right:1em;}.elementor-877 .elementor-element.elementor-element-346c453{text-align:start;}.elementor-877 .elementor-element.elementor-element-346c453 .elementor-heading-title{font-family:var( --e-global-typography-9ac24a5-font-family ), Sans-serif;font-size:var( --e-global-typography-9ac24a5-font-size );font-weight:var( --e-global-typography-9ac24a5-font-weight );text-transform:var( --e-global-typography-9ac24a5-text-transform );line-height:var( --e-global-typography-9ac24a5-line-height );letter-spacing:var( --e-global-typography-9ac24a5-letter-spacing );word-spacing:var( --e-global-typography-9ac24a5-word-spacing );color:var( --e-global-color-ed591b4 );}.elementor-877 .elementor-element.elementor-element-47d5898 .elementskit-section-title-wraper .elementskit-section-title{color:#FFFFFF;margin:0px 0px 0px 0px;font-family:var( --e-global-typography-220c207-font-family ), Sans-serif;font-size:var( --e-global-typography-220c207-font-size );font-weight:var( --e-global-typography-220c207-font-weight );line-height:var( --e-global-typography-220c207-line-height );letter-spacing:var( --e-global-typography-220c207-letter-spacing );word-spacing:var( --e-global-typography-220c207-word-spacing );}.elementor-877 .elementor-element.elementor-element-47d5898 .elementskit-section-title-wraper .elementskit-section-title > span{color:var( --e-global-color-ed591b4 );}.elementor-877 .elementor-element.elementor-element-47d5898 .elementskit-section-title-wraper .elementskit-section-title span:last-child, .elementor-877 .elementor-element.elementor-element-47d5898 .elementskit-section-title-wraper .elementskit-section-title > span{font-family:var( --e-global-typography-82eb490-font-family ), Sans-serif;font-size:var( --e-global-typography-82eb490-font-size );font-weight:var( --e-global-typography-82eb490-font-weight );line-height:var( --e-global-typography-82eb490-line-height );letter-spacing:var( --e-global-typography-82eb490-letter-spacing );word-spacing:var( --e-global-typography-82eb490-word-spacing );}.elementor-877 .elementor-element.elementor-element-4f1347f0{--display:flex;--padding-top:20px;--padding-bottom:0px;--padding-left:0px;--padding-right:0px;}.elementor-877 .elementor-element.elementor-element-11145e73{font-family:var( --e-global-typography-15c7b60-font-family ), Sans-serif;font-size:var( --e-global-typography-15c7b60-font-size );font-weight:var( --e-global-typography-15c7b60-font-weight );line-height:var( --e-global-typography-15c7b60-line-height );letter-spacing:var( --e-global-typography-15c7b60-letter-spacing );word-spacing:var( --e-global-typography-15c7b60-word-spacing );color:var( --e-global-color-14e528b );}@media(max-width:1024px){.elementor-877 .elementor-element.elementor-element-1c7f2ef{--padding-top:120px;--padding-bottom:20px;--padding-left:20px;--padding-right:20px;}.elementor-877 .elementor-element.elementor-element-b5572b9{--padding-top:0em;--padding-bottom:0em;--padding-left:0em;--padding-right:0em;}.elementor-877 .elementor-element.elementor-element-346c453 .elementor-heading-title{font-size:var( --e-global-typography-9ac24a5-font-size );line-height:var( --e-global-typography-9ac24a5-line-height );letter-spacing:var( --e-global-typography-9ac24a5-letter-spacing );word-spacing:var( --e-global-typography-9ac24a5-word-spacing );}.elementor-877 .elementor-element.elementor-element-47d5898 .elementskit-section-title-wraper .elementskit-section-title{font-size:var( --e-global-typography-220c207-font-size );line-height:var( --e-global-typography-220c207-line-height );letter-spacing:var( --e-global-typography-220c207-letter-spacing );word-spacing:var( --e-global-typography-220c207-word-spacing );}.elementor-877 .elementor-element.elementor-element-47d5898 .elementskit-section-title-wraper .elementskit-section-title span:last-child, .elementor-877 .elementor-element.elementor-element-47d5898 .elementskit-section-title-wraper .elementskit-section-title > span{font-size:var( --e-global-typography-82eb490-font-size );line-height:var( --e-global-typography-82eb490-line-height );letter-spacing:var( --e-global-typography-82eb490-letter-spacing );word-spacing:var( --e-global-typography-82eb490-word-spacing );}.elementor-877 .elementor-element.elementor-element-4f1347f0{--padding-top:20px;--padding-bottom:20px;--padding-left:20px;--padding-right:20px;}.elementor-877 .elementor-element.elementor-element-11145e73{font-size:var( --e-global-typography-15c7b60-font-size );line-height:var( --e-global-typography-15c7b60-line-height );letter-spacing:var( --e-global-typography-15c7b60-letter-spacing );word-spacing:var( --e-global-typography-15c7b60-word-spacing );}}@media(max-width:767px){.elementor-877 .elementor-element.elementor-element-346c453 .elementor-heading-title{font-size:var( --e-global-typography-9ac24a5-font-size );line-height:var( --e-global-typography-9ac24a5-line-height );letter-spacing:var( --e-global-typography-9ac24a5-letter-spacing );word-spacing:var( --e-global-typography-9ac24a5-word-spacing );}.elementor-877 .elementor-element.elementor-element-47d5898 .elementskit-section-title-wraper .elementskit-section-title{font-size:var( --e-global-typography-220c207-font-size );line-height:var( --e-global-typography-220c207-line-height );letter-spacing:var( --e-global-typography-220c207-letter-spacing );word-spacing:var( --e-global-typography-220c207-word-spacing );}.elementor-877 .elementor-element.elementor-element-47d5898 .elementskit-section-title-wraper .elementskit-section-title span:last-child, .elementor-877 .elementor-element.elementor-element-47d5898 .elementskit-section-title-wraper .elementskit-section-title > span{font-size:var( --e-global-typography-82eb490-font-size );line-height:var( --e-global-typography-82eb490-line-height );letter-spacing:var( --e-global-typography-82eb490-letter-spacing );word-spacing:var( --e-global-typography-82eb490-word-spacing );}.elementor-877 .elementor-element.elementor-element-11145e73{font-size:var( --e-global-typography-15c7b60-font-size );line-height:var( --e-global-typography-15c7b60-line-height );letter-spacing:var( --e-global-typography-15c7b60-letter-spacing );word-spacing:var( --e-global-typography-15c7b60-word-spacing );}}@media(max-width:1024px) and (min-width:768px){.elementor-877 .elementor-element.elementor-element-b5572b9{--width:100%;}}<\/style>\t\t<div data-elementor-type=\"wp-page\" data-elementor-id=\"877\" class=\"elementor elementor-877\" data-elementor-post-type=\"page\">\n\t\t\t\t<div class=\"elementor-element elementor-element-1c7f2ef e-flex e-con-boxed e-con e-parent\" data-id=\"1c7f2ef\" data-element_type=\"container\" data-e-type=\"container\" data-settings=\"{&quot;background_background&quot;:&quot;video&quot;,&quot;background_video_link&quot;:&quot;https:\\\/\\\/vimeo.com\\\/933839714?share=copy&quot;}\">\n\t\t\t\t\t<div class=\"e-con-inner\">\n\t\t<div class=\"elementor-background-video-container elementor-hidden-mobile\">\n\t\t\t\t\t\t\t<div class=\"elementor-background-video-embed\" role=\"presentation\"><\/div>\n\t\t\t\t\t\t<\/div><div class=\"elementor-element elementor-element-b5572b9 e-con-full e-flex e-con e-child\" data-id=\"b5572b9\" data-element_type=\"container\" data-e-type=\"container\">\n\t\t\t\t<div class=\"elementor-element elementor-element-346c453 elementor-widget elementor-widget-heading\" data-id=\"346c453\" data-element_type=\"widget\" data-e-type=\"widget\" data-widget_type=\"heading.default\">\n\t\t\t\t<div class=\"elementor-widget-container\">\n\t\t\t\t\t<h2 class=\"elementor-heading-title elementor-size-default\">Keseling\u00ae | Folien- &amp; Werbetechnik | Seit 1960<\/h2>\t\t\t\t<\/div>\n\t\t\t\t<\/div>\n\t\t\t\t<div class=\"elementor-element elementor-element-47d5898 elementor-widget elementor-widget-elementskit-heading\" data-id=\"47d5898\" data-element_type=\"widget\" data-e-type=\"widget\" data-widget_type=\"elementskit-heading.default\">\n\t\t\t\t<div class=\"elementor-widget-container\">\n\t\t\t\t\t<div class=\"ekit-wid-con\" ><div class=\"ekit-heading elementskit-section-title-wraper text_left   ekit_heading_tablet-   ekit_heading_mobile-\"><h1 class=\"ekit-heading--title elementskit-section-title\">Impressum<\/h1><\/div><\/div>\t\t\t\t<\/div>\n\t\t\t\t<\/div>\n\t\t\t\t<\/div>\n\t\t\t\t\t<\/div>\n\t\t\t\t<\/div>\n\t\t<div class=\"elementor-element elementor-element-4f1347f0 e-flex e-con-boxed e-con e-parent\" data-id=\"4f1347f0\" data-element_type=\"container\" data-e-type=\"container\">\n\t\t\t\t\t<div class=\"e-con-inner\">\n\t\t\t\t<div class=\"elementor-element elementor-element-11145e73 elementor-widget elementor-widget-text-editor\" data-id=\"11145e73\" data-element_type=\"widget\" data-e-type=\"widget\" data-widget_type=\"text-editor.default\">\n\t\t\t\t<div class=\"elementor-widget-container\">\n\t\t\t\t\t\t\t\t\t\n<p><b>Keseling GmbH<br \/><\/b><span style=\"font-weight: 400;\">Krummenweger Str. 173<\/span><span style=\"font-weight: 400;\"><br \/><\/span><span style=\"font-weight: 400;\">40885 Ratingen, Deutschland<\/span><br \/><br \/><b>Vertretungsberechtigter Gesch\u00e4ftsf\u00fchrer:<\/b><span style=\"font-weight: 400;\"><br \/><\/span><span style=\"font-weight: 400;\">Max Kohl<\/span><br \/><br \/><b>Registergericht:<\/b><br \/><span style=\"font-weight: 400;\">AG D\u00fcsseldorf, HRB 101257<\/span><br \/><br \/><b>Kontakt:<br \/><\/b><span style=\"font-weight: 400;\">E-Mail: mail@keseling.com<\/span><br \/><span style=\"font-weight: 400;\">Telefon: +49 (0) 2102 17593<\/span><br \/><br \/><b>Umsatzsteuer-Identifikationsnummer gem\u00e4\u00df \u00a7 27 a Umsatzsteuergesetz:<\/b><span style=\"font-weight: 400;\"> <br \/>DE362295070<\/span><br \/><br \/><b>Inhaltlich Verantwortlicher gem\u00e4\u00df \u00a7 55 Abs. 2 RStV:<\/b><br \/><span style=\"font-weight: 400;\">Keseling GmbH<\/span><br \/><br \/><b><br \/>Haftungsausschluss (Disclaimer)<br \/><\/b><br \/><br \/><b>(1) Inhalt des Onlineangebotes<\/b><br \/><br \/><span style=\"font-weight: 400;\">Die im Impressum verantwortliche Person, im Folgenden Autor genannt, \u00fcbernimmt keinerlei Gew\u00e4hr f\u00fcr die Aktualit\u00e4t, Korrektheit, Vollst\u00e4ndigkeit oder Qualit\u00e4t der bereitgestellten Informationen. Haftungsanspr\u00fcche gegen den Autor, welche sich auf Sch\u00e4den materieller oder ideeller Art beziehen, die durch die Nutzung oder Nichtnutzung der dargebotenen Informationen bzw. durch die Nutzung fehlerhafter und unvollst\u00e4ndiger Informationen verursacht wurden, sind grunds\u00e4tzlich ausgeschlossen, sofern seitens des Autors kein nachweislich vors\u00e4tzliches oder grob fahrl\u00e4ssiges Verschulden vorliegt. Alle Angebote sind freibleibend und unverbindlich. Der Autor beh\u00e4lt es sich ausdr\u00fccklich vor, Teile der Seiten oder das gesamte Angebot ohne gesonderte Ank\u00fcndigung zu ver\u00e4ndern, zu erg\u00e4nzen, zu l\u00f6schen oder die Ver\u00f6ffentlichung zeitweise oder endg\u00fcltig einzustellen.<\/span><br \/><br \/><b>(2) Verweise und Links<\/b><br \/><br \/><span style=\"font-weight: 400;\">Bei direkten oder indirekten Verweisen auf fremde Internetseiten (\u201eLinks\u201c), die au\u00dferhalb des Verantwortungsbereiches des Autors liegen, w\u00fcrde eine Haftungsverpflichtung ausschlie\u00dflich in dem Fall in Kraft treten, in dem der Autor von den Inhalten Kenntnis hat und es ihm technisch m\u00f6glich und zumutbar w\u00e4re, die Nutzung im Falle rechtswidriger Inhalte zu verhindern. Der Autor erkl\u00e4rt daher ausdr\u00fccklich, dass zum Zeitpunkt der Linksetzung die entsprechenden verlinkten Seiten frei von illegalen Inhalten waren. Der Autor hat keinerlei Einfluss auf die aktuelle und zuk\u00fcnftige Gestaltung und auf die Inhalte der gelinkten\/verkn\u00fcpften Seiten. Deshalb distanziert er sich hiermit ausdr\u00fccklich von allen Inhalten aller gelinkten\/verkn\u00fcpften Seiten, die nach der Linksetzung ver\u00e4ndert wurden. Diese Feststellung gilt f\u00fcr alle innerhalb des eigenen Internetangebotes gesetzten Links und Verweise sowie f\u00fcr Fremdeintr\u00e4ge in vom Autor eingerichtete G\u00e4steb\u00fccher, Diskussionsforen und Mailinglisten. F\u00fcr illegale, fehlerhafte oder unvollst\u00e4ndige Inhalte und insbesondere f\u00fcr Sch\u00e4den, die aus der Nutzung oder Nichtnutzung solcherart dargebotener Informationen entstehen, haftet allein der Anbieter der Seite, auf welche verwiesen wurde, nicht derjenige, der \u00fcber Links auf die jeweilige Ver\u00f6ffentlichung lediglich verweist.<\/span><br \/><br \/><b>(3) Urheber- und Kennzeichenrecht<\/b><br \/><br \/><span style=\"font-weight: 400;\">Der Autor ist bestrebt in allen Publikationen die Urheberrechte der verwendeten Grafiken, Tondokumente, Videosequenzen und Texte zu beachten, von ihm selbst erstellte Grafiken, Tondokumente, Videosequenzen und Texte zu nutzen oder auf lizenzfreie Grafiken, Tondokumente, Videosequenzen und Texte zur\u00fcckzugreifen. Alle innerhalb des Internetangebotes genannten und ggf. durch Dritte gesch\u00fctzten Marken- und Warenzeichen unterliegen uneingeschr\u00e4nkt den Bestimmungen des jeweils g\u00fcltigen Kennzeichenrechts und den Besitzrechten der jeweiligen eingetragenen Eigent\u00fcmer. Allein aufgrund der blo\u00dfen Nennung ist nicht der Schluss zu ziehen, dass Markenzeichen nicht durch Rechte Dritter gesch\u00fctzt sind! Das Copyright f\u00fcr ver\u00f6ffentlichte, vom Autor selbst erstellte Objekte bleibt allein beim Autor der Seiten. Eine Vervielf\u00e4ltigung oder Verwendung solcher Grafiken, Tondokumente, Videosequenzen und Texte in anderen elektronischen oder gedruckten Publikationen ist ohne ausdr\u00fcckliche Zustimmung des Autors nicht gestattet.<br \/><\/span><br \/><br \/><b>(4) Datenschutz<\/b><br \/><br \/><span style=\"font-weight: 400;\">In Verbindung mit Ihrem Zugriff auf diese Website werden in den Server Log Files von Ihrem Browser \u00fcbermittelte Daten f\u00fcr Sicherungszwecke gespeichert, die m\u00f6glicherweise eine Identifizierung zulassen (z. B. Browsertyp \/ -version, Betriebssystem, IP-Adresse, Datum, Uhrzeit und abgerufene Seiten). Es findet keine personenbezogene Verwertung statt. Die statistische Auswertung anonymisierter Datens\u00e4tze erfolgt lediglich zu dem Zweck des Betriebs, der Sicherheit und der Optimierung des Angebotes. Sie k\u00f6nnen dieses Online-Angebot grunds\u00e4tzlich ohne Offenlegung Ihrer Identit\u00e4t nutzen. Wenn Sie sich f\u00fcr einen personalisierten Dienst eintragen oder registrieren lassen, werden Sie nach pers\u00f6nlichen Informationen (z.B. Name, E-Mail-Adresse) gefragt. Es unterliegt Ihrer freien Entscheidung, ob Sie diese Daten eingeben. Bei der Kontaktaufnahme mit dem Anbieter (zum Beispiel per Kontaktformular oder E-Mail) werden die Angaben des Nutzers zwecks Bearbeitung der Anfrage sowie f\u00fcr den Fall, dass Anschlussfragen entstehen, gespeichert. Es kann vorkommen, dass innerhalb dieses Onlineangebotes Inhalte Dritter, wie zum Beispiel Videos von YouTube, Kartenmaterial von Google-Maps, RSS-Feeds oder Grafiken von anderen Webseiten eingebunden werden. Dies setzt immer voraus, dass die Anbieter dieser Inhalte (nachfolgend bezeichnet als \u201eDritt-Anbieter\u201c) die IP-Adresse der Nutzer wahrnehmen. Denn ohne die IP-Adresse, k\u00f6nnten sie die Inhalte nicht an den Browser des jeweiligen Nutzers senden. Die IP-Adresse ist damit f\u00fcr die Darstellung dieser Inhalte erforderlich. Wir bem\u00fchen uns nur solche Inhalte zu verwenden, deren jeweilige Anbieter die IP-Adresse lediglich zur Auslieferung der Inhalte verwenden. Jedoch haben wir keinen Einfluss darauf, falls die Dritt-Anbieter die IP-Adresse z.B. f\u00fcr statistische Zwecke speichern. Soweit dies uns bekannt ist, kl\u00e4ren wir die Nutzer dar\u00fcber auf. Diese Website verwendet Cookies. Cookies sind kleine Dateien, die es erm\u00f6glichen, auf dem Zugriffsger\u00e4t der Nutzer (PC, Smartphone o.\u00e4.) spezifische, auf das Ger\u00e4t bezogene Informationen zu speichern. Sie dienen zum einem der Benutzerfreundlichkeit von Webseiten und damit den Nutzern (z.B. Speicherung von Logindaten). Zum anderen dienen sie, um die statistischen Daten der Webseitennutzung zu erfassen und sie zwecks Verbesserung des Angebotes analysieren zu k\u00f6nnen. Die Nutzer k\u00f6nnen auf den Einsatz der Cookies Einfluss nehmen. Die meisten Browser verf\u00fcgen eine Option mit der das Speichern von Cookies eingeschr\u00e4nkt oder komplett verhindert wird. Allerdings wird darauf hingewiesen, dass die Nutzung und insbesondere der Nutzungskomfort ohne Cookies eingeschr\u00e4nkt werden.<br \/><\/span><br \/><br \/><b>(5) Rechtswirksamkeit dieses Haftungsausschlusses<\/b><br \/><br \/><span style=\"font-weight: 400;\">Dieser Haftungsausschluss ist als Teil des Internetangebotes zu betrachten, von dem aus auf diese Seite verwiesen wurde. Sofern Teile oder einzelne Formulierungen dieses Textes der geltenden Rechtslage nicht, nicht mehr oder nicht vollst\u00e4ndig entsprechen sollten, bleiben die \u00fcbrigen Teile des Dokumentes in ihrem Inhalt und ihrer G\u00fcltigkeit davon unber\u00fchrt.<\/span><br \/><br \/><b>(6) Widerspruch Werbe-Mails<\/b><br \/><br \/><span style=\"font-weight: 400;\">Der Nutzung von Kontaktdaten (die im Rahmen der Impressumspflicht ver\u00f6ffentlicht wurden) zur \u00dcbersendung von nicht ausdr\u00fccklich angeforderter Werbung und Informationen wird hiermit widersprochen. Der Seitenbetreiber beh\u00e4lt sich rechtliche Schritte bei unverlangter Zusendung von Werbeinformationen, insbesondere bei Spam-E-Mails, vor.<\/span><br \/><br \/><br \/><\/p>\n\t\t\t\t\t\t\t\t<\/div>\n\t\t\t\t<\/div>\n\t\t\t\t\t<\/div>\n\t\t\t\t<\/div>\n\t\t\t\t<\/div>","protected":false},"excerpt":{"rendered":"<p>Keseling GmbHKrummenweger Str. 17340885 Ratingen, Deutschland Vertretungsberechtigter Gesch\u00e4ftsf\u00fchrer:Max Kohl Registergericht:AG D\u00fcsseldorf, HRB 101257 Kontakt:E-Mail: mail@keseling.comTelefon: +49 (0) 2102 17593 Umsatzsteuer-Identifikationsnummer gem\u00e4\u00df \u00a7 27 a Umsatzsteuergesetz: DE362295070 Inhaltlich Verantwortlicher gem\u00e4\u00df \u00a7 55 Abs. 2 RStV:Keseling GmbH Haftungsausschluss (Disclaimer) (1) Inhalt des Onlineangebotes Die im Impressum verantwortliche Person, im Folgenden Autor genannt, \u00fcbernimmt keinerlei Gew\u00e4hr f\u00fcr die [&hellip;]<\/p>\n","protected":false},"author":2,"featured_media":0,"parent":0,"menu_order":0,"comment_status":"closed","ping_status":"closed","template":"elementor_header_footer","meta":{"footnotes":""},"class_list":["post-877","page","type-page","status-publish","hentry"],"_links":{"self":[{"href":"https:\/\/keseling.com\/en\/wp-json\/wp\/v2\/pages\/877","targetHints":{"allow":["GET"]}}],"collection":[{"href":"https:\/\/keseling.com\/en\/wp-json\/wp\/v2\/pages"}],"about":[{"href":"https:\/\/keseling.com\/en\/wp-json\/wp\/v2\/types\/page"}],"author":[{"embeddable":true,"href":"https:\/\/keseling.com\/en\/wp-json\/wp\/v2\/users\/2"}],"replies":[{"embeddable":true,"href":"https:\/\/keseling.com\/en\/wp-json\/wp\/v2\/comments?post=877"}],"version-history":[{"count":37,"href":"https:\/\/keseling.com\/en\/wp-json\/wp\/v2\/pages\/877\/revisions"}],"predecessor-version":[{"id":1714,"href":"https:\/\/keseling.com\/en\/wp-json\/wp\/v2\/pages\/877\/revisions\/1714"}],"wp:attachment":[{"href":"https:\/\/keseling.com\/en\/wp-json\/wp\/v2\/media?parent=877"}],"curies":[{"name":"wp","href":"https:\/\/api.w.org\/{rel}","templated":true}]}}