{"id":1065,"date":"2024-10-31T13:38:50","date_gmt":"2024-10-31T13:38:50","guid":{"rendered":"https:\/\/keseling.com\/?page_id=1065"},"modified":"2024-10-31T14:44:28","modified_gmt":"2024-10-31T14:44:28","slug":"danke","status":"publish","type":"page","link":"https:\/\/keseling.com\/en\/danke\/","title":{"rendered":"Danke"},"content":{"rendered":"<style>.elementor-1065 .elementor-element.elementor-element-aa4e57c{--display:flex;--min-height:50vh;--flex-direction:row;--container-widget-width:calc( ( 1 - var( --container-widget-flex-grow ) ) * 100% );--container-widget-height:100%;--container-widget-flex-grow:1;--container-widget-align-self:stretch;--flex-wrap-mobile:wrap;--align-items:center;--gap:10px 10px;--row-gap:10px;--column-gap:10px;--overlay-opacity:1;--margin-top:0px;--margin-bottom:0px;--margin-left:0px;--margin-right:0px;--padding-top:200px;--padding-bottom:50px;--padding-left:20px;--padding-right:20px;}.elementor-1065 .elementor-element.elementor-element-aa4e57c::before, .elementor-1065 .elementor-element.elementor-element-aa4e57c > .elementor-background-video-container::before, .elementor-1065 .elementor-element.elementor-element-aa4e57c > .e-con-inner > .elementor-background-video-container::before, .elementor-1065 .elementor-element.elementor-element-aa4e57c > .elementor-background-slideshow::before, .elementor-1065 .elementor-element.elementor-element-aa4e57c > .e-con-inner > .elementor-background-slideshow::before, .elementor-1065 .elementor-element.elementor-element-aa4e57c > .elementor-motion-effects-container > .elementor-motion-effects-layer::before{--background-overlay:'';background-color:transparent;background-image:linear-gradient(331deg, #00000000 0%, #000000 92%);}.elementor-1065 .elementor-element.elementor-element-1abcf7c{--display:flex;--justify-content:center;--padding-top:1em;--padding-bottom:1em;--padding-left:1em;--padding-right:1em;}.elementor-1065 .elementor-element.elementor-element-bbba121{text-align:start;}.elementor-1065 .elementor-element.elementor-element-bbba121 .elementor-heading-title{font-family:var( --e-global-typography-9ac24a5-font-family ), Sans-serif;font-size:var( --e-global-typography-9ac24a5-font-size );font-weight:var( --e-global-typography-9ac24a5-font-weight );text-transform:var( --e-global-typography-9ac24a5-text-transform );line-height:var( --e-global-typography-9ac24a5-line-height );letter-spacing:var( --e-global-typography-9ac24a5-letter-spacing );word-spacing:var( --e-global-typography-9ac24a5-word-spacing );color:var( --e-global-color-ed591b4 );}.elementor-1065 .elementor-element.elementor-element-00f14b4 .elementskit-section-title-wraper .elementskit-section-title{color:#FFFFFF;margin:0px 0px 0px 0px;font-family:var( --e-global-typography-220c207-font-family ), Sans-serif;font-size:var( --e-global-typography-220c207-font-size );font-weight:var( --e-global-typography-220c207-font-weight );line-height:var( --e-global-typography-220c207-line-height );letter-spacing:var( --e-global-typography-220c207-letter-spacing );word-spacing:var( --e-global-typography-220c207-word-spacing );}.elementor-1065 .elementor-element.elementor-element-00f14b4 .elementskit-section-title-wraper .elementskit-section-title > span{color:var( --e-global-color-ed591b4 );}.elementor-1065 .elementor-element.elementor-element-00f14b4 .elementskit-section-title-wraper .elementskit-section-title span:last-child, .elementor-1065 .elementor-element.elementor-element-00f14b4 .elementskit-section-title-wraper .elementskit-section-title > span{font-family:var( --e-global-typography-82eb490-font-family ), Sans-serif;font-size:var( --e-global-typography-82eb490-font-size );font-weight:var( --e-global-typography-82eb490-font-weight );line-height:var( --e-global-typography-82eb490-line-height );letter-spacing:var( --e-global-typography-82eb490-letter-spacing );word-spacing:var( --e-global-typography-82eb490-word-spacing );}.elementor-1065 .elementor-element.elementor-element-443885f{--divider-border-style:solid;--divider-color:var( --e-global-color-ed591b4 );--divider-border-width:2px;}.elementor-1065 .elementor-element.elementor-element-443885f .elementor-divider-separator{width:80px;}.elementor-1065 .elementor-element.elementor-element-443885f .elementor-divider{padding-block-start:0px;padding-block-end:0px;}.elementor-1065 .elementor-element.elementor-element-fc05b17 .elementor-icon-list-icon i{transition:color 0.3s;}.elementor-1065 .elementor-element.elementor-element-fc05b17 .elementor-icon-list-icon svg{transition:fill 0.3s;}.elementor-1065 .elementor-element.elementor-element-fc05b17{--e-icon-list-icon-size:14px;--icon-vertical-offset:0px;}.elementor-1065 .elementor-element.elementor-element-fc05b17 .elementor-icon-list-item > .elementor-icon-list-text, .elementor-1065 .elementor-element.elementor-element-fc05b17 .elementor-icon-list-item > a{font-weight:500;}.elementor-1065 .elementor-element.elementor-element-fc05b17 .elementor-icon-list-text{color:#FFFFFF;transition:color 0.3s;}.elementor-1065 .elementor-element.elementor-element-fc05b17 .elementor-icon-list-item:hover .elementor-icon-list-text{color:var( --e-global-color-ed591b4 );}@media(max-width:1024px){.elementor-1065 .elementor-element.elementor-element-aa4e57c{--padding-top:120px;--padding-bottom:20px;--padding-left:20px;--padding-right:20px;}.elementor-1065 .elementor-element.elementor-element-bbba121 .elementor-heading-title{font-size:var( --e-global-typography-9ac24a5-font-size );line-height:var( --e-global-typography-9ac24a5-line-height );letter-spacing:var( --e-global-typography-9ac24a5-letter-spacing );word-spacing:var( --e-global-typography-9ac24a5-word-spacing );}.elementor-1065 .elementor-element.elementor-element-00f14b4 .elementskit-section-title-wraper .elementskit-section-title{font-size:var( --e-global-typography-220c207-font-size );line-height:var( --e-global-typography-220c207-line-height );letter-spacing:var( --e-global-typography-220c207-letter-spacing );word-spacing:var( --e-global-typography-220c207-word-spacing );}.elementor-1065 .elementor-element.elementor-element-00f14b4 .elementskit-section-title-wraper .elementskit-section-title span:last-child, .elementor-1065 .elementor-element.elementor-element-00f14b4 .elementskit-section-title-wraper .elementskit-section-title > span{font-size:var( --e-global-typography-82eb490-font-size );line-height:var( --e-global-typography-82eb490-line-height );letter-spacing:var( --e-global-typography-82eb490-letter-spacing );word-spacing:var( --e-global-typography-82eb490-word-spacing );}}@media(max-width:767px){.elementor-1065 .elementor-element.elementor-element-bbba121 .elementor-heading-title{font-size:var( --e-global-typography-9ac24a5-font-size );line-height:var( --e-global-typography-9ac24a5-line-height );letter-spacing:var( --e-global-typography-9ac24a5-letter-spacing );word-spacing:var( --e-global-typography-9ac24a5-word-spacing );}.elementor-1065 .elementor-element.elementor-element-00f14b4 .elementskit-section-title-wraper .elementskit-section-title{font-size:var( --e-global-typography-220c207-font-size );line-height:var( --e-global-typography-220c207-line-height );letter-spacing:var( --e-global-typography-220c207-letter-spacing );word-spacing:var( --e-global-typography-220c207-word-spacing );}.elementor-1065 .elementor-element.elementor-element-00f14b4 .elementskit-section-title-wraper .elementskit-section-title span:last-child, .elementor-1065 .elementor-element.elementor-element-00f14b4 .elementskit-section-title-wraper .elementskit-section-title > span{font-size:var( --e-global-typography-82eb490-font-size );line-height:var( --e-global-typography-82eb490-line-height );letter-spacing:var( --e-global-typography-82eb490-letter-spacing );word-spacing:var( --e-global-typography-82eb490-word-spacing );}}@media(max-width:1024px) and (min-width:768px){.elementor-1065 .elementor-element.elementor-element-1abcf7c{--width:100%;}}<\/style>\t\t<div data-elementor-type=\"wp-page\" data-elementor-id=\"1065\" class=\"elementor elementor-1065\" data-elementor-post-type=\"page\">\n\t\t\t\t<div class=\"elementor-element elementor-element-aa4e57c e-flex e-con-boxed e-con e-parent\" data-id=\"aa4e57c\" data-element_type=\"container\" data-e-type=\"container\" data-settings=\"{&quot;background_background&quot;:&quot;video&quot;,&quot;background_video_link&quot;:&quot;https:\\\/\\\/vimeo.com\\\/1019898280&quot;}\">\n\t\t\t\t\t<div class=\"e-con-inner\">\n\t\t<div class=\"elementor-background-video-container elementor-hidden-mobile\">\n\t\t\t\t\t\t\t<div class=\"elementor-background-video-embed\" role=\"presentation\"><\/div>\n\t\t\t\t\t\t<\/div><div class=\"elementor-element elementor-element-1abcf7c e-con-full e-flex e-con e-child\" data-id=\"1abcf7c\" data-element_type=\"container\" data-e-type=\"container\">\n\t\t\t\t<div class=\"elementor-element elementor-element-bbba121 elementor-widget elementor-widget-heading\" data-id=\"bbba121\" data-element_type=\"widget\" data-e-type=\"widget\" data-widget_type=\"heading.default\">\n\t\t\t\t<div class=\"elementor-widget-container\">\n\t\t\t\t\t<h2 class=\"elementor-heading-title elementor-size-default\">Keseling\u00ae | Folien- &amp; Werbetechnik | Seit 1960<\/h2>\t\t\t\t<\/div>\n\t\t\t\t<\/div>\n\t\t\t\t<div class=\"elementor-element elementor-element-00f14b4 elementor-widget elementor-widget-elementskit-heading\" data-id=\"00f14b4\" data-element_type=\"widget\" data-e-type=\"widget\" data-widget_type=\"elementskit-heading.default\">\n\t\t\t\t<div class=\"elementor-widget-container\">\n\t\t\t\t\t<div class=\"ekit-wid-con\" ><div class=\"ekit-heading elementskit-section-title-wraper text_left   ekit_heading_tablet-   ekit_heading_mobile-\"><h1 class=\"ekit-heading--title elementskit-section-title\">Vielen Dank f\u00fcr Ihre Anfrage<\/h1><\/div><\/div>\t\t\t\t<\/div>\n\t\t\t\t<\/div>\n\t\t\t\t<div class=\"elementor-element elementor-element-22db411 elementor-widget elementor-widget-text-editor\" data-id=\"22db411\" data-element_type=\"widget\" data-e-type=\"widget\" data-widget_type=\"text-editor.default\">\n\t\t\t\t<div class=\"elementor-widget-container\">\n\t\t\t\t\t\t\t\t\t<p>Wir melden uns in K\u00fcrze bei Ihnen.<\/p><p>Derweil k\u00f6nnen Sie sich hier \u00fcber unser Angebotsportfolio informieren.<\/p>\t\t\t\t\t\t\t\t<\/div>\n\t\t\t\t<\/div>\n\t\t\t\t<div class=\"elementor-element elementor-element-443885f elementor-widget-divider--view-line elementor-widget elementor-widget-divider\" data-id=\"443885f\" data-element_type=\"widget\" data-e-type=\"widget\" data-widget_type=\"divider.default\">\n\t\t\t\t<div class=\"elementor-widget-container\">\n\t\t\t\t\t\t\t<div class=\"elementor-divider\">\n\t\t\t<span class=\"elementor-divider-separator\">\n\t\t\t\t\t\t<\/span>\n\t\t<\/div>\n\t\t\t\t\t\t<\/div>\n\t\t\t\t<\/div>\n\t\t\t\t<div class=\"elementor-element elementor-element-fc05b17 elementor-icon-list--layout-inline elementor-list-item-link-full_width elementor-widget elementor-widget-icon-list\" data-id=\"fc05b17\" data-element_type=\"widget\" data-e-type=\"widget\" data-widget_type=\"icon-list.default\">\n\t\t\t\t<div class=\"elementor-widget-container\">\n\t\t\t\t\t\t\t<ul class=\"elementor-icon-list-items elementor-inline-items\">\n\t\t\t\t\t\t\t<li class=\"elementor-icon-list-item elementor-inline-item\">\n\t\t\t\t\t\t\t\t\t\t\t<a href=\"http:\/\/keseling.com\/en\/leistungen\/#1\">\n\n\t\t\t\t\t\t\t\t\t\t\t<span class=\"elementor-icon-list-text\">Folienbeschriftung &amp; Fahrzeugfolierung<\/span>\n\t\t\t\t\t\t\t\t\t\t\t<\/a>\n\t\t\t\t\t\t\t\t\t<\/li>\n\t\t\t\t\t\t\t\t<li class=\"elementor-icon-list-item elementor-inline-item\">\n\t\t\t\t\t\t\t\t\t\t\t<a href=\"http:\/\/keseling.com\/en\/leistungen\/#2\">\n\n\t\t\t\t\t\t\t\t\t\t\t<span class=\"elementor-icon-list-text\">Schaufensterwerbung<\/span>\n\t\t\t\t\t\t\t\t\t\t\t<\/a>\n\t\t\t\t\t\t\t\t\t<\/li>\n\t\t\t\t\t\t\t\t<li class=\"elementor-icon-list-item elementor-inline-item\">\n\t\t\t\t\t\t\t\t\t\t\t<a href=\"http:\/\/keseling.com\/en\/leistungen\/#3\">\n\n\t\t\t\t\t\t\t\t\t\t\t<span class=\"elementor-icon-list-text\">Stra\u00dfenbeschilderung<\/span>\n\t\t\t\t\t\t\t\t\t\t\t<\/a>\n\t\t\t\t\t\t\t\t\t<\/li>\n\t\t\t\t\t\t\t\t<li class=\"elementor-icon-list-item elementor-inline-item\">\n\t\t\t\t\t\t\t\t\t\t\t<a href=\"http:\/\/keseling.com\/en\/leistungen\/#4\">\n\n\t\t\t\t\t\t\t\t\t\t\t<span class=\"elementor-icon-list-text\">Wegeleitsysteme<\/span>\n\t\t\t\t\t\t\t\t\t\t\t<\/a>\n\t\t\t\t\t\t\t\t\t<\/li>\n\t\t\t\t\t\t\t\t<li class=\"elementor-icon-list-item elementor-inline-item\">\n\t\t\t\t\t\t\t\t\t\t\t<a href=\"http:\/\/keseling.com\/en\/leistungen\/#5\">\n\n\t\t\t\t\t\t\t\t\t\t\t<span class=\"elementor-icon-list-text\">Rettungswegbeschilderung<\/span>\n\t\t\t\t\t\t\t\t\t\t\t<\/a>\n\t\t\t\t\t\t\t\t\t<\/li>\n\t\t\t\t\t\t\t\t<li class=\"elementor-icon-list-item elementor-inline-item\">\n\t\t\t\t\t\t\t\t\t\t\t<a href=\"http:\/\/keseling.com\/en\/leistungen\/#6\">\n\n\t\t\t\t\t\t\t\t\t\t\t<span class=\"elementor-icon-list-text\">Firmenschilder<\/span>\n\t\t\t\t\t\t\t\t\t\t\t<\/a>\n\t\t\t\t\t\t\t\t\t<\/li>\n\t\t\t\t\t\t\t\t<li class=\"elementor-icon-list-item elementor-inline-item\">\n\t\t\t\t\t\t\t\t\t\t\t<a href=\"http:\/\/keseling.com\/en\/leistungen\/#7\">\n\n\t\t\t\t\t\t\t\t\t\t\t<span class=\"elementor-icon-list-text\">Werbestele<\/span>\n\t\t\t\t\t\t\t\t\t\t\t<\/a>\n\t\t\t\t\t\t\t\t\t<\/li>\n\t\t\t\t\t\t\t\t<li class=\"elementor-icon-list-item elementor-inline-item\">\n\t\t\t\t\t\t\t\t\t\t\t<a href=\"http:\/\/keseling.com\/en\/leistungen\/#8\">\n\n\t\t\t\t\t\t\t\t\t\t\t<span class=\"elementor-icon-list-text\">Leuchtbuchstaben<\/span>\n\t\t\t\t\t\t\t\t\t\t\t<\/a>\n\t\t\t\t\t\t\t\t\t<\/li>\n\t\t\t\t\t\t\t\t<li class=\"elementor-icon-list-item elementor-inline-item\">\n\t\t\t\t\t\t\t\t\t\t\t<a href=\"http:\/\/keseling.com\/en\/leistungen\/#9\">\n\n\t\t\t\t\t\t\t\t\t\t\t<span class=\"elementor-icon-list-text\">Leuchttransparente<\/span>\n\t\t\t\t\t\t\t\t\t\t\t<\/a>\n\t\t\t\t\t\t\t\t\t<\/li>\n\t\t\t\t\t\t\t\t<li class=\"elementor-icon-list-item elementor-inline-item\">\n\t\t\t\t\t\t\t\t\t\t\t<a href=\"http:\/\/keseling.com\/en\/leistungen\/#10\">\n\n\t\t\t\t\t\t\t\t\t\t\t<span class=\"elementor-icon-list-text\">Billboards und Bannerwerbung<\/span>\n\t\t\t\t\t\t\t\t\t\t\t<\/a>\n\t\t\t\t\t\t\t\t\t<\/li>\n\t\t\t\t\t\t<\/ul>\n\t\t\t\t\t\t<\/div>\n\t\t\t\t<\/div>\n\t\t\t\t<\/div>\n\t\t\t\t\t<\/div>\n\t\t\t\t<\/div>\n\t\t\t\t<\/div>","protected":false},"excerpt":{"rendered":"<p>Vielen Dank f\u00fcr Ihre Anfrage Wir melden uns in K\u00fcrze bei Ihnen. Derweil k\u00f6nnen Sie sich hier \u00fcber unser Angebotsportfolio informieren. Folienbeschriftung &#038; Fahrzeugfolierung Schaufensterwerbung Stra\u00dfenbeschilderung Wegeleitsysteme Rettungswegbeschilderung Firmenschilder Werbestele Leuchtbuchstaben Leuchttransparente Billboards und Bannerwerbung<\/p>","protected":false},"author":2,"featured_media":0,"parent":0,"menu_order":0,"comment_status":"closed","ping_status":"closed","template":"elementor_header_footer","meta":{"footnotes":""},"class_list":["post-1065","page","type-page","status-publish","hentry"],"_links":{"self":[{"href":"https:\/\/keseling.com\/en\/wp-json\/wp\/v2\/pages\/1065","targetHints":{"allow":["GET"]}}],"collection":[{"href":"https:\/\/keseling.com\/en\/wp-json\/wp\/v2\/pages"}],"about":[{"href":"https:\/\/keseling.com\/en\/wp-json\/wp\/v2\/types\/page"}],"author":[{"embeddable":true,"href":"https:\/\/keseling.com\/en\/wp-json\/wp\/v2\/users\/2"}],"replies":[{"embeddable":true,"href":"https:\/\/keseling.com\/en\/wp-json\/wp\/v2\/comments?post=1065"}],"version-history":[{"count":34,"href":"https:\/\/keseling.com\/en\/wp-json\/wp\/v2\/pages\/1065\/revisions"}],"predecessor-version":[{"id":1104,"href":"https:\/\/keseling.com\/en\/wp-json\/wp\/v2\/pages\/1065\/revisions\/1104"}],"wp:attachment":[{"href":"https:\/\/keseling.com\/en\/wp-json\/wp\/v2\/media?parent=1065"}],"curies":[{"name":"wp","href":"https:\/\/api.w.org\/{rel}","templated":true}]}}